{"id":657,"date":"2025-10-18T14:34:08","date_gmt":"2025-10-18T12:34:08","guid":{"rendered":"https:\/\/manonkoopman.ch\/?page_id=657"},"modified":"2026-04-21T14:47:23","modified_gmt":"2026-04-21T12:47:23","slug":"cours","status":"publish","type":"page","link":"https:\/\/manonkoopman.ch\/en\/cours\/","title":{"rendered":"Workshops"},"content":{"rendered":"<div class=\"wp-block-columns alignwide is-layout-flex wp-container-core-columns-is-layout-9d6595d7 wp-block-columns-is-layout-flex\">\n<div class=\"wp-block-column is-layout-flow wp-block-column-is-layout-flow\" style=\"flex-basis:100%\">\n<div class=\"wp-block-columns alignfull is-layout-flex wp-container-core-columns-is-layout-9d6595d7 wp-block-columns-is-layout-flex\">\n<div class=\"wp-block-column is-layout-flow wp-block-column-is-layout-flow\">\n<figure class=\"wp-block-image size-full is-resized\"><img loading=\"lazy\" decoding=\"async\" width=\"1920\" height=\"2560\" src=\"https:\/\/manonkoopman.ch\/wp-content\/uploads\/2025\/10\/20250704_175657-scaled.jpg\" alt=\"\" class=\"wp-image-669\" style=\"width:400px\" srcset=\"https:\/\/manonkoopman.ch\/wp-content\/uploads\/2025\/10\/20250704_175657-scaled.jpg 1920w, https:\/\/manonkoopman.ch\/wp-content\/uploads\/2025\/10\/20250704_175657-scaled-600x800.jpg 600w, https:\/\/manonkoopman.ch\/wp-content\/uploads\/2025\/10\/20250704_175657-225x300.jpg 225w, https:\/\/manonkoopman.ch\/wp-content\/uploads\/2025\/10\/20250704_175657-768x1024.jpg 768w, https:\/\/manonkoopman.ch\/wp-content\/uploads\/2025\/10\/20250704_175657-1152x1536.jpg 1152w, https:\/\/manonkoopman.ch\/wp-content\/uploads\/2025\/10\/20250704_175657-1536x2048.jpg 1536w, https:\/\/manonkoopman.ch\/wp-content\/uploads\/2025\/10\/20250704_175657-9x12.jpg 9w, https:\/\/manonkoopman.ch\/wp-content\/uploads\/2025\/10\/20250704_175657-1568x2091.jpg 1568w\" sizes=\"auto, (max-width: 1920px) 100vw, 1920px\" \/><\/figure>\n<\/div>\n\n\n\n<div class=\"wp-block-column is-layout-flow wp-block-column-is-layout-flow\">\n<p>Have you always dreamed of trying your hand at weaving, or would you like to give someone an original gift voucher? <\/p>\n\n\n\n<p>I am offering hand weaving classes in Rue (Canton of Fribourg).<br><br>Lessons in French or English<\/p>\n<\/div>\n<\/div>\n\n\n\n<hr class=\"wp-block-separator alignwide has-alpha-channel-opacity\"\/>\n\n\n\n<p><strong>In Rue (FR), at my studio<\/strong>, appointments by arrangement.<\/p>\n\n\n\n<p>One- to two-hour introductory classes on a ready-to-use pedal or lever loom (a weaving project is already underway, which you will continue and can take home with you if you wish). Allow two hours if you want to take your weaving home with you.<\/p>\n\n\n\n<p>Course outline: you will weave on a loom with the warp already prepared (the threads stretched across the loom will already be in place), and you will choose the threads to use as weft for weaving. You will learn the basic techniques of weaving, i.e. the actual act of weaving, and try out different weaving patterns (weaves). If you wish, you can take your small piece of fabric home with you at the end of the two hours (between 25 cm and 40 cm depending on how fast you weave). <\/p>\n\n\n\n<p>The introductory course costs CHF 40 per hour, including equipment.<\/p>\n\n\n\n<p>Various other courses planned (details to follow)<\/p>\n\n\n\n<p>&gt; Make an appointment by telephone on 079 474 73 56 or by email at info@manonkoopman.ch <a href=\"mailto:info@manonkoopman.ch\">info@manonkoopman.ch<\/a><\/p>\n\n\n\n<p><br><\/p>\n\n\n\n<figure class=\"wp-block-image\" id=\"block-4c5332df-2256-487a-b149-642da1a7c40e\"><img decoding=\"async\" src=\"https:\/\/lestisserandes.ch\/wp-content\/uploads\/2025\/04\/20250423_163927-1024x1024.jpg\" alt=\"L\u2019attribut alt de cette image est vide, son nom de fichier est 20250423_163927-1024x1024.jpg.\"\/><\/figure>\n<\/div>\n<\/div>","protected":false},"excerpt":{"rendered":"<p>Vous avez toujours r\u00eav\u00e9 d&rsquo;essayer un m\u00e9tier \u00e0 tisser ou vous souhaitez offrir un bon cadeau original ? Je propose des cours de tissage manuel \u00e0 Rue (Canton de Fribourg). Cours en fran\u00e7ais ou en anglais \u00c0 Rue (FR), \u00e0 mon atelier, horaires sur rdv \u00e0 convenir. Cours d&rsquo;initiation d&rsquo;une \u00e0 deux heures sur un&hellip; <a class=\"more-link\" href=\"https:\/\/manonkoopman.ch\/en\/cours\/\">Continue reading <span class=\"screen-reader-text\">Workshops<\/span><\/a><\/p>","protected":false},"author":1,"featured_media":0,"parent":0,"menu_order":0,"comment_status":"closed","ping_status":"closed","template":"","meta":{"footnotes":""},"class_list":["post-657","page","type-page","status-publish","hentry","entry"],"_links":{"self":[{"href":"https:\/\/manonkoopman.ch\/en\/wp-json\/wp\/v2\/pages\/657","targetHints":{"allow":["GET"]}}],"collection":[{"href":"https:\/\/manonkoopman.ch\/en\/wp-json\/wp\/v2\/pages"}],"about":[{"href":"https:\/\/manonkoopman.ch\/en\/wp-json\/wp\/v2\/types\/page"}],"author":[{"embeddable":true,"href":"https:\/\/manonkoopman.ch\/en\/wp-json\/wp\/v2\/users\/1"}],"replies":[{"embeddable":true,"href":"https:\/\/manonkoopman.ch\/en\/wp-json\/wp\/v2\/comments?post=657"}],"version-history":[{"count":12,"href":"https:\/\/manonkoopman.ch\/en\/wp-json\/wp\/v2\/pages\/657\/revisions"}],"predecessor-version":[{"id":725,"href":"https:\/\/manonkoopman.ch\/en\/wp-json\/wp\/v2\/pages\/657\/revisions\/725"}],"wp:attachment":[{"href":"https:\/\/manonkoopman.ch\/en\/wp-json\/wp\/v2\/media?parent=657"}],"curies":[{"name":"wp","href":"https:\/\/api.w.org\/{rel}","templated":true}]}}