{"id":213,"date":"2022-01-25T18:44:46","date_gmt":"2022-01-25T17:44:46","guid":{"rendered":"https:\/\/manonkoopman.ch\/?page_id=213"},"modified":"2023-10-07T18:16:09","modified_gmt":"2023-10-07T16:16:09","slug":"mohair-02","status":"publish","type":"page","link":"https:\/\/manonkoopman.ch\/en\/mohair-02\/","title":{"rendered":"Mohair scarf \/ Black and pale pink"},"content":{"rendered":"<div class=\"wp-block-columns alignwide is-style-twentytwentyone-columns-overlap is-layout-flex wp-container-core-columns-is-layout-9d6595d7 wp-block-columns-is-layout-flex\">\n<div class=\"wp-block-column is-layout-flow wp-block-column-is-layout-flow\">\n<figure class=\"wp-block-image size-large size-full\"><img loading=\"lazy\" decoding=\"async\" width=\"1024\" height=\"1024\" src=\"https:\/\/manonkoopman.ch\/wp-content\/uploads\/2022\/01\/IMG_3547-1024x1024.jpg\" alt=\"\" class=\"wp-image-220\" srcset=\"https:\/\/manonkoopman.ch\/wp-content\/uploads\/2022\/01\/IMG_3547-1024x1024.jpg 1024w, https:\/\/manonkoopman.ch\/wp-content\/uploads\/2022\/01\/IMG_3547-450x450.jpg 450w, https:\/\/manonkoopman.ch\/wp-content\/uploads\/2022\/01\/IMG_3547-100x100.jpg 100w, https:\/\/manonkoopman.ch\/wp-content\/uploads\/2022\/01\/IMG_3547-600x600.jpg 600w, https:\/\/manonkoopman.ch\/wp-content\/uploads\/2022\/01\/IMG_3547-300x300.jpg 300w, https:\/\/manonkoopman.ch\/wp-content\/uploads\/2022\/01\/IMG_3547-150x150.jpg 150w, https:\/\/manonkoopman.ch\/wp-content\/uploads\/2022\/01\/IMG_3547-768x768.jpg 768w, https:\/\/manonkoopman.ch\/wp-content\/uploads\/2022\/01\/IMG_3547-1536x1536.jpg 1536w, https:\/\/manonkoopman.ch\/wp-content\/uploads\/2022\/01\/IMG_3547-1568x1568.jpg 1568w, https:\/\/manonkoopman.ch\/wp-content\/uploads\/2022\/01\/IMG_3547.jpg 2000w\" sizes=\"auto, (max-width: 1024px) 100vw, 1024px\" \/><\/figure>\n<\/div>\n\n\n\n<div class=\"wp-block-column is-vertically-aligned-bottom is-layout-flow wp-block-column-is-layout-flow\">\n<div class=\"wp-block-group is-style-twentytwentyone-border has-white-background-color has-background\"><div class=\"wp-block-group__inner-container is-layout-flow wp-block-group-is-layout-flow\">\n<p>Mohair scarf<\/p>\n\n\n\n<p>Black and pale pink<\/p>\n\n\n\n<p>Unique piece, handwoven, fringes overlocked by hand<\/p>\n\n\n\n<p>28 x 176 cm<\/p>\n\n\n\n<p>Mohair and virgin wool<\/p>\n<\/div><\/div>\n<\/div>\n\n\n\n<div class=\"wp-block-column is-layout-flow wp-block-column-is-layout-flow\">\n<figure class=\"wp-block-image size-large size-full\"><img loading=\"lazy\" decoding=\"async\" width=\"1024\" height=\"1024\" src=\"https:\/\/manonkoopman.ch\/wp-content\/uploads\/2022\/01\/IMG_3552-1024x1024.jpg\" alt=\"\" class=\"wp-image-222\" srcset=\"https:\/\/manonkoopman.ch\/wp-content\/uploads\/2022\/01\/IMG_3552-1024x1024.jpg 1024w, https:\/\/manonkoopman.ch\/wp-content\/uploads\/2022\/01\/IMG_3552-450x450.jpg 450w, https:\/\/manonkoopman.ch\/wp-content\/uploads\/2022\/01\/IMG_3552-100x100.jpg 100w, https:\/\/manonkoopman.ch\/wp-content\/uploads\/2022\/01\/IMG_3552-600x600.jpg 600w, https:\/\/manonkoopman.ch\/wp-content\/uploads\/2022\/01\/IMG_3552-300x300.jpg 300w, https:\/\/manonkoopman.ch\/wp-content\/uploads\/2022\/01\/IMG_3552-150x150.jpg 150w, https:\/\/manonkoopman.ch\/wp-content\/uploads\/2022\/01\/IMG_3552-768x768.jpg 768w, https:\/\/manonkoopman.ch\/wp-content\/uploads\/2022\/01\/IMG_3552-1536x1536.jpg 1536w, https:\/\/manonkoopman.ch\/wp-content\/uploads\/2022\/01\/IMG_3552-1568x1568.jpg 1568w, https:\/\/manonkoopman.ch\/wp-content\/uploads\/2022\/01\/IMG_3552.jpg 2000w\" sizes=\"auto, (max-width: 1024px) 100vw, 1024px\" \/><\/figure>\n\n\n\n<p><\/p>\n<\/div>\n<\/div>\n\n\n\n<div class=\"wp-block-columns alignwide are-vertically-aligned-center is-style-twentytwentyone-columns-overlap is-layout-flex wp-container-core-columns-is-layout-9d6595d7 wp-block-columns-is-layout-flex\">\n<div class=\"wp-block-column is-vertically-aligned-center is-layout-flow wp-block-column-is-layout-flow\">\n<figure class=\"wp-block-image alignfull size-large\"><img loading=\"lazy\" decoding=\"async\" width=\"698\" height=\"1024\" src=\"https:\/\/manonkoopman.ch\/wp-content\/uploads\/2022\/01\/IMG_3181-1-698x1024.jpg\" alt=\"\" class=\"wp-image-215\" srcset=\"https:\/\/manonkoopman.ch\/wp-content\/uploads\/2022\/01\/IMG_3181-1-698x1024.jpg 698w, https:\/\/manonkoopman.ch\/wp-content\/uploads\/2022\/01\/IMG_3181-1-600x880.jpg 600w, https:\/\/manonkoopman.ch\/wp-content\/uploads\/2022\/01\/IMG_3181-1-205x300.jpg 205w, https:\/\/manonkoopman.ch\/wp-content\/uploads\/2022\/01\/IMG_3181-1-768x1126.jpg 768w, https:\/\/manonkoopman.ch\/wp-content\/uploads\/2022\/01\/IMG_3181-1-1048x1536.jpg 1048w, https:\/\/manonkoopman.ch\/wp-content\/uploads\/2022\/01\/IMG_3181-1.jpg 1364w\" sizes=\"auto, (max-width: 698px) 100vw, 698px\" \/><\/figure>\n\n\n\n<div style=\"height:100px\" aria-hidden=\"true\" class=\"wp-block-spacer\"><\/div>\n\n\n\n<figure class=\"wp-block-image alignfull size-large is-style-default\"><img loading=\"lazy\" decoding=\"async\" width=\"675\" height=\"1024\" src=\"https:\/\/manonkoopman.ch\/wp-content\/uploads\/2022\/01\/IMG_3193-1-675x1024.jpg\" alt=\"\" class=\"wp-image-217\" srcset=\"https:\/\/manonkoopman.ch\/wp-content\/uploads\/2022\/01\/IMG_3193-1-675x1024.jpg 675w, https:\/\/manonkoopman.ch\/wp-content\/uploads\/2022\/01\/IMG_3193-1-600x910.jpg 600w, https:\/\/manonkoopman.ch\/wp-content\/uploads\/2022\/01\/IMG_3193-1-198x300.jpg 198w, https:\/\/manonkoopman.ch\/wp-content\/uploads\/2022\/01\/IMG_3193-1-768x1165.jpg 768w, https:\/\/manonkoopman.ch\/wp-content\/uploads\/2022\/01\/IMG_3193-1-1012x1536.jpg 1012w, https:\/\/manonkoopman.ch\/wp-content\/uploads\/2022\/01\/IMG_3193-1.jpg 1318w\" sizes=\"auto, (max-width: 675px) 100vw, 675px\" \/><\/figure>\n<\/div>\n\n\n\n<div class=\"wp-block-column is-vertically-aligned-center is-layout-flow wp-block-column-is-layout-flow\">\n<div style=\"height:100px\" aria-hidden=\"true\" class=\"wp-block-spacer\"><\/div>\n\n\n\n<figure class=\"wp-block-image size-large alignfull size-full\"><img loading=\"lazy\" decoding=\"async\" width=\"649\" height=\"1024\" src=\"https:\/\/manonkoopman.ch\/wp-content\/uploads\/2022\/01\/IMG_3201-1-649x1024.jpg\" alt=\"\" class=\"wp-image-218\" srcset=\"https:\/\/manonkoopman.ch\/wp-content\/uploads\/2022\/01\/IMG_3201-1-649x1024.jpg 649w, https:\/\/manonkoopman.ch\/wp-content\/uploads\/2022\/01\/IMG_3201-1-600x947.jpg 600w, https:\/\/manonkoopman.ch\/wp-content\/uploads\/2022\/01\/IMG_3201-1-190x300.jpg 190w, https:\/\/manonkoopman.ch\/wp-content\/uploads\/2022\/01\/IMG_3201-1-768x1212.jpg 768w, https:\/\/manonkoopman.ch\/wp-content\/uploads\/2022\/01\/IMG_3201-1-973x1536.jpg 973w, https:\/\/manonkoopman.ch\/wp-content\/uploads\/2022\/01\/IMG_3201-1.jpg 1267w\" sizes=\"auto, (max-width: 649px) 100vw, 649px\" \/><\/figure>\n<\/div>\n<\/div>","protected":false},"excerpt":{"rendered":"<p>\u00c9charpe en mohair Noir &amp; rose p\u00e2le Pi\u00e8ce unique, tiss\u00e9e \u00e0 la main, franges surjet\u00e9es \u00e0 la main 28 x 176 cm Mohair &amp; laine vierge<\/p>","protected":false},"author":1,"featured_media":0,"parent":0,"menu_order":0,"comment_status":"closed","ping_status":"closed","template":"","meta":{"footnotes":""},"class_list":["post-213","page","type-page","status-publish","hentry","entry"],"_links":{"self":[{"href":"https:\/\/manonkoopman.ch\/en\/wp-json\/wp\/v2\/pages\/213","targetHints":{"allow":["GET"]}}],"collection":[{"href":"https:\/\/manonkoopman.ch\/en\/wp-json\/wp\/v2\/pages"}],"about":[{"href":"https:\/\/manonkoopman.ch\/en\/wp-json\/wp\/v2\/types\/page"}],"author":[{"embeddable":true,"href":"https:\/\/manonkoopman.ch\/en\/wp-json\/wp\/v2\/users\/1"}],"replies":[{"embeddable":true,"href":"https:\/\/manonkoopman.ch\/en\/wp-json\/wp\/v2\/comments?post=213"}],"version-history":[{"count":10,"href":"https:\/\/manonkoopman.ch\/en\/wp-json\/wp\/v2\/pages\/213\/revisions"}],"predecessor-version":[{"id":567,"href":"https:\/\/manonkoopman.ch\/en\/wp-json\/wp\/v2\/pages\/213\/revisions\/567"}],"wp:attachment":[{"href":"https:\/\/manonkoopman.ch\/en\/wp-json\/wp\/v2\/media?parent=213"}],"curies":[{"name":"wp","href":"https:\/\/api.w.org\/{rel}","templated":true}]}}