{"id":182,"date":"2022-01-25T18:03:59","date_gmt":"2022-01-25T17:03:59","guid":{"rendered":"https:\/\/manonkoopman.ch\/?page_id=182"},"modified":"2023-10-07T18:21:19","modified_gmt":"2023-10-07T16:21:19","slug":"soie-01","status":"publish","type":"page","link":"https:\/\/manonkoopman.ch\/en\/soie-01\/","title":{"rendered":"Silk scarf \/ Petroleum blue, red &amp; orange tones"},"content":{"rendered":"<div class=\"wp-block-columns alignwide is-style-twentytwentyone-columns-overlap is-layout-flex wp-container-core-columns-is-layout-9d6595d7 wp-block-columns-is-layout-flex\">\n<div class=\"wp-block-column is-layout-flow wp-block-column-is-layout-flow\">\n<figure class=\"wp-block-image size-large size-full\"><img loading=\"lazy\" decoding=\"async\" width=\"1024\" height=\"1024\" src=\"https:\/\/manonkoopman.ch\/wp-content\/uploads\/2022\/01\/IMG_3492-1024x1024.jpg\" alt=\"\" class=\"wp-image-169\" srcset=\"https:\/\/manonkoopman.ch\/wp-content\/uploads\/2022\/01\/IMG_3492-1024x1024.jpg 1024w, https:\/\/manonkoopman.ch\/wp-content\/uploads\/2022\/01\/IMG_3492-450x450.jpg 450w, https:\/\/manonkoopman.ch\/wp-content\/uploads\/2022\/01\/IMG_3492-100x100.jpg 100w, https:\/\/manonkoopman.ch\/wp-content\/uploads\/2022\/01\/IMG_3492-600x600.jpg 600w, https:\/\/manonkoopman.ch\/wp-content\/uploads\/2022\/01\/IMG_3492-300x300.jpg 300w, https:\/\/manonkoopman.ch\/wp-content\/uploads\/2022\/01\/IMG_3492-150x150.jpg 150w, https:\/\/manonkoopman.ch\/wp-content\/uploads\/2022\/01\/IMG_3492-768x768.jpg 768w, https:\/\/manonkoopman.ch\/wp-content\/uploads\/2022\/01\/IMG_3492-1536x1536.jpg 1536w, https:\/\/manonkoopman.ch\/wp-content\/uploads\/2022\/01\/IMG_3492-1568x1567.jpg 1568w, https:\/\/manonkoopman.ch\/wp-content\/uploads\/2022\/01\/IMG_3492.jpg 2000w\" sizes=\"auto, (max-width: 1024px) 100vw, 1024px\" \/><\/figure>\n<\/div>\n\n\n\n<div class=\"wp-block-column is-vertically-aligned-bottom is-layout-flow wp-block-column-is-layout-flow\">\n<div class=\"wp-block-group is-style-twentytwentyone-border has-white-background-color has-background\"><div class=\"wp-block-group__inner-container is-layout-flow wp-block-group-is-layout-flow\">\n<p>Silk scarf<\/p>\n\n\n\n<p>Petroleum blue, red &amp; orange tones<\/p>\n\n\n\n<p>Unique piece, handwoven, fringes overlocked by hand<\/p>\n\n\n\n<p>29 x 168 cm<\/p>\n\n\n\n<p>100% Silk<\/p>\n<\/div><\/div>\n<\/div>\n\n\n\n<div class=\"wp-block-column is-layout-flow wp-block-column-is-layout-flow\">\n<figure class=\"wp-block-image size-large size-full\"><img loading=\"lazy\" decoding=\"async\" width=\"1024\" height=\"1024\" src=\"https:\/\/manonkoopman.ch\/wp-content\/uploads\/2022\/01\/IMG_3486-1024x1024.jpg\" alt=\"\" class=\"wp-image-167\" srcset=\"https:\/\/manonkoopman.ch\/wp-content\/uploads\/2022\/01\/IMG_3486-1024x1024.jpg 1024w, https:\/\/manonkoopman.ch\/wp-content\/uploads\/2022\/01\/IMG_3486-450x450.jpg 450w, https:\/\/manonkoopman.ch\/wp-content\/uploads\/2022\/01\/IMG_3486-100x100.jpg 100w, https:\/\/manonkoopman.ch\/wp-content\/uploads\/2022\/01\/IMG_3486-600x600.jpg 600w, https:\/\/manonkoopman.ch\/wp-content\/uploads\/2022\/01\/IMG_3486-300x300.jpg 300w, https:\/\/manonkoopman.ch\/wp-content\/uploads\/2022\/01\/IMG_3486-150x150.jpg 150w, https:\/\/manonkoopman.ch\/wp-content\/uploads\/2022\/01\/IMG_3486-768x768.jpg 768w, https:\/\/manonkoopman.ch\/wp-content\/uploads\/2022\/01\/IMG_3486-1536x1536.jpg 1536w, https:\/\/manonkoopman.ch\/wp-content\/uploads\/2022\/01\/IMG_3486-1568x1568.jpg 1568w, https:\/\/manonkoopman.ch\/wp-content\/uploads\/2022\/01\/IMG_3486.jpg 2000w\" sizes=\"auto, (max-width: 1024px) 100vw, 1024px\" \/><\/figure>\n\n\n\n<p><\/p>\n<\/div>\n<\/div>\n\n\n\n<div class=\"wp-block-columns alignwide are-vertically-aligned-center is-style-twentytwentyone-columns-overlap is-layout-flex wp-container-core-columns-is-layout-9d6595d7 wp-block-columns-is-layout-flex\">\n<div class=\"wp-block-column is-vertically-aligned-center is-layout-flow wp-block-column-is-layout-flow\">\n<figure class=\"wp-block-image alignfull size-large\"><img loading=\"lazy\" decoding=\"async\" width=\"682\" height=\"1024\" src=\"https:\/\/manonkoopman.ch\/wp-content\/uploads\/2022\/01\/IMG_3099-1-682x1024.jpg\" alt=\"\" class=\"wp-image-155\" srcset=\"https:\/\/manonkoopman.ch\/wp-content\/uploads\/2022\/01\/IMG_3099-1-682x1024.jpg 682w, https:\/\/manonkoopman.ch\/wp-content\/uploads\/2022\/01\/IMG_3099-1-600x900.jpg 600w, https:\/\/manonkoopman.ch\/wp-content\/uploads\/2022\/01\/IMG_3099-1-200x300.jpg 200w, https:\/\/manonkoopman.ch\/wp-content\/uploads\/2022\/01\/IMG_3099-1-768x1152.jpg 768w, https:\/\/manonkoopman.ch\/wp-content\/uploads\/2022\/01\/IMG_3099-1-1024x1536.jpg 1024w, https:\/\/manonkoopman.ch\/wp-content\/uploads\/2022\/01\/IMG_3099-1.jpg 1333w\" sizes=\"auto, (max-width: 682px) 100vw, 682px\" \/><\/figure>\n\n\n\n<div style=\"height:100px\" aria-hidden=\"true\" class=\"wp-block-spacer\"><\/div>\n\n\n\n<figure class=\"wp-block-image alignfull size-large is-style-default\"><img loading=\"lazy\" decoding=\"async\" width=\"778\" height=\"1024\" src=\"https:\/\/manonkoopman.ch\/wp-content\/uploads\/2022\/01\/IMG_3104-1-778x1024.jpg\" alt=\"\" class=\"wp-image-156\" srcset=\"https:\/\/manonkoopman.ch\/wp-content\/uploads\/2022\/01\/IMG_3104-1-778x1024.jpg 778w, https:\/\/manonkoopman.ch\/wp-content\/uploads\/2022\/01\/IMG_3104-1-600x790.jpg 600w, https:\/\/manonkoopman.ch\/wp-content\/uploads\/2022\/01\/IMG_3104-1-228x300.jpg 228w, https:\/\/manonkoopman.ch\/wp-content\/uploads\/2022\/01\/IMG_3104-1-768x1011.jpg 768w, https:\/\/manonkoopman.ch\/wp-content\/uploads\/2022\/01\/IMG_3104-1-1167x1536.jpg 1167w, https:\/\/manonkoopman.ch\/wp-content\/uploads\/2022\/01\/IMG_3104-1.jpg 1519w\" sizes=\"auto, (max-width: 778px) 100vw, 778px\" \/><\/figure>\n<\/div>\n\n\n\n<div class=\"wp-block-column is-vertically-aligned-center is-layout-flow wp-block-column-is-layout-flow\">\n<div style=\"height:100px\" aria-hidden=\"true\" class=\"wp-block-spacer\"><\/div>\n\n\n\n<figure class=\"wp-block-image size-large alignfull size-full\"><img loading=\"lazy\" decoding=\"async\" width=\"784\" height=\"1024\" src=\"https:\/\/manonkoopman.ch\/wp-content\/uploads\/2022\/01\/IMG_3096-1-784x1024.jpg\" alt=\"\" class=\"wp-image-154\" srcset=\"https:\/\/manonkoopman.ch\/wp-content\/uploads\/2022\/01\/IMG_3096-1-784x1024.jpg 784w, https:\/\/manonkoopman.ch\/wp-content\/uploads\/2022\/01\/IMG_3096-1-600x784.jpg 600w, https:\/\/manonkoopman.ch\/wp-content\/uploads\/2022\/01\/IMG_3096-1-230x300.jpg 230w, https:\/\/manonkoopman.ch\/wp-content\/uploads\/2022\/01\/IMG_3096-1-768x1003.jpg 768w, https:\/\/manonkoopman.ch\/wp-content\/uploads\/2022\/01\/IMG_3096-1-1176x1536.jpg 1176w, https:\/\/manonkoopman.ch\/wp-content\/uploads\/2022\/01\/IMG_3096-1.jpg 1531w\" sizes=\"auto, (max-width: 784px) 100vw, 784px\" \/><\/figure>\n<\/div>\n<\/div>","protected":false},"excerpt":{"rendered":"<p>\u00c9charpe en soie Bleu p\u00e9trole, rouges &amp; orang\u00e9s Pi\u00e8ce unique, tiss\u00e9e \u00e0 la main, franges surjet\u00e9es \u00e0 la main 29 x 168 cm 100% Soie<\/p>","protected":false},"author":1,"featured_media":0,"parent":0,"menu_order":0,"comment_status":"closed","ping_status":"closed","template":"","meta":{"footnotes":""},"class_list":["post-182","page","type-page","status-publish","hentry","entry"],"_links":{"self":[{"href":"https:\/\/manonkoopman.ch\/en\/wp-json\/wp\/v2\/pages\/182","targetHints":{"allow":["GET"]}}],"collection":[{"href":"https:\/\/manonkoopman.ch\/en\/wp-json\/wp\/v2\/pages"}],"about":[{"href":"https:\/\/manonkoopman.ch\/en\/wp-json\/wp\/v2\/types\/page"}],"author":[{"embeddable":true,"href":"https:\/\/manonkoopman.ch\/en\/wp-json\/wp\/v2\/users\/1"}],"replies":[{"embeddable":true,"href":"https:\/\/manonkoopman.ch\/en\/wp-json\/wp\/v2\/comments?post=182"}],"version-history":[{"count":13,"href":"https:\/\/manonkoopman.ch\/en\/wp-json\/wp\/v2\/pages\/182\/revisions"}],"predecessor-version":[{"id":571,"href":"https:\/\/manonkoopman.ch\/en\/wp-json\/wp\/v2\/pages\/182\/revisions\/571"}],"wp:attachment":[{"href":"https:\/\/manonkoopman.ch\/en\/wp-json\/wp\/v2\/media?parent=182"}],"curies":[{"name":"wp","href":"https:\/\/api.w.org\/{rel}","templated":true}]}}